{"id":3173,"date":"2015-04-15T18:22:15","date_gmt":"2015-04-15T17:22:15","guid":{"rendered":"http:\/\/testpages.name\/en\/udaljenosti\/"},"modified":"2015-10-22T16:55:29","modified_gmt":"2015-10-22T16:55:29","slug":"distances","status":"publish","type":"page","link":"https:\/\/hotelviktorija.com\/en\/distances\/","title":{"rendered":"Distances"},"content":{"rendered":"<p><strong>Welcome to page &#8220;Distances&#8221;!<\/strong><\/p>\n<p>Na\u0161im posjetiocima smo omogu\u0107ili preko \u201cGoogle Mape\u201d virtuelni prikaz udaljenosti hotela \u201cVila Viktorija\u201d od lokalnih i regionalnih sadr\u017eaja.<\/p>\n<p>Ne znate koliko dugo Vam treba od aerodroma do nas, nemate ideju kako da potro\u0161ite slobodno vrijeme i jo\u0161 uvijek ne znate sa kakvim prirodnim ljepotama i sadr\u017eajnim mjestima raspola\u017ee na\u0161a regija? Na pravom ste mjestu! Na\u0161im prijedlozima pomo\u0107i \u0107emo Vam da iskoristite svaki slobodan trenutak i u\u017eivate u onom \u0161to volite. Okusite vina vrhunskog kvaliteta, budite dio ekstremnih sportova, odmorite se u obli\u017enjim banjama i opustite u gradskim bazenima. Posjetite sportske dvorane, sajmove i izleti\u0161ta, koja \u0107e Vas sigurno osvojiti. Nebitno da li imate 7 ili 77 godina, da li je ki\u0161a, vjetar ili sunce, va\u017eno je da ponesete dobro raspolo\u017eenje i da sami sebi organizujete dan za pam\u0107enje. <\/p>\n","protected":false},"excerpt":{"rendered":"<p>Welcome to page &#8220;Distances&#8221;! Na\u0161im posjetiocima smo omogu\u0107ili preko \u201cGoogle Mape\u201d virtuelni prikaz udaljenosti hotela \u201cVila Viktorija\u201d od lokalnih i [&hellip;]<\/p>\n","protected":false},"author":5,"featured_media":0,"parent":0,"menu_order":0,"comment_status":"closed","ping_status":"closed","template":"template-Udaljenosti.php","meta":[],"_links":{"self":[{"href":"https:\/\/hotelviktorija.com\/en\/wp-json\/wp\/v2\/pages\/3173"}],"collection":[{"href":"https:\/\/hotelviktorija.com\/en\/wp-json\/wp\/v2\/pages"}],"about":[{"href":"https:\/\/hotelviktorija.com\/en\/wp-json\/wp\/v2\/types\/page"}],"author":[{"embeddable":true,"href":"https:\/\/hotelviktorija.com\/en\/wp-json\/wp\/v2\/users\/5"}],"replies":[{"embeddable":true,"href":"https:\/\/hotelviktorija.com\/en\/wp-json\/wp\/v2\/comments?post=3173"}],"version-history":[{"count":1,"href":"https:\/\/hotelviktorija.com\/en\/wp-json\/wp\/v2\/pages\/3173\/revisions"}],"predecessor-version":[{"id":3190,"href":"https:\/\/hotelviktorija.com\/en\/wp-json\/wp\/v2\/pages\/3173\/revisions\/3190"}],"wp:attachment":[{"href":"https:\/\/hotelviktorija.com\/en\/wp-json\/wp\/v2\/media?parent=3173"}],"curies":[{"name":"wp","href":"https:\/\/api.w.org\/{rel}","templated":true}]}}