{"id":3154,"date":"2015-09-21T18:01:47","date_gmt":"2015-09-21T18:01:47","guid":{"rendered":"http:\/\/testpages.name\/en\/?page_id=3154"},"modified":"2015-10-22T16:55:29","modified_gmt":"2015-10-22T16:55:29","slug":"conference-room","status":"publish","type":"page","link":"http:\/\/hotelviktorija.com\/en\/conference-room\/","title":{"rendered":"Conference Room"},"content":{"rendered":"<h2>SALA ZA SASTANKE<\/h2>\n<p>U sklopu hotela nalazi se sala za sastanke,promocije,predavanja i seminare, kapaciteta do 20 osoba. Sala je klimatizovana, raspola\u017ee sa flip chart tablom,\u0161tampa\u010dem,skenerom i kopir ma\u0161inom. Na Va\u0161 zahtjev mo\u017eemo obezbijediti i projektor sa platnom za projekciju.<\/p>\n<p><img decoding=\"async\" loading=\"lazy\" src=\"http:\/\/www.hotelviktorija.com\/wp-content\/uploads\/2011\/03\/sala.png\" alt=\"\" title=\"sala\" width=\"670\" height=\"347\" class=\"alignnone size-full wp-image-2276\" srcset=\"http:\/\/hotelviktorija.com\/wp-content\/uploads\/2011\/03\/sala.png 670w, http:\/\/hotelviktorija.com\/wp-content\/uploads\/2011\/03\/sala-300x155.png 300w\" sizes=\"(max-width: 670px) 100vw, 670px\" \/><br \/>\n<br \/>\n<img decoding=\"async\" loading=\"lazy\" src=\"http:\/\/www.hotelviktorija.com\/wp-content\/uploads\/2011\/03\/Sala2.jpg\" alt=\"\" title=\"Sala2\" width=\"400\" height=\"195\" class=\"alignnone size-full wp-image-2277\" srcset=\"http:\/\/hotelviktorija.com\/wp-content\/uploads\/2011\/03\/Sala2.jpg 400w, http:\/\/hotelviktorija.com\/wp-content\/uploads\/2011\/03\/Sala2-300x146.jpg 300w\" sizes=\"(max-width: 400px) 100vw, 400px\" \/><\/p>\n","protected":false},"excerpt":{"rendered":"<p>SALA ZA SASTANKE U sklopu hotela nalazi se sala za sastanke,promocije,predavanja i seminare, kapaciteta do 20 osoba. Sala je klimatizovana, [&hellip;]<\/p>\n","protected":false},"author":5,"featured_media":0,"parent":0,"menu_order":0,"comment_status":"closed","ping_status":"closed","template":"","meta":[],"_links":{"self":[{"href":"http:\/\/hotelviktorija.com\/en\/wp-json\/wp\/v2\/pages\/3154"}],"collection":[{"href":"http:\/\/hotelviktorija.com\/en\/wp-json\/wp\/v2\/pages"}],"about":[{"href":"http:\/\/hotelviktorija.com\/en\/wp-json\/wp\/v2\/types\/page"}],"author":[{"embeddable":true,"href":"http:\/\/hotelviktorija.com\/en\/wp-json\/wp\/v2\/users\/5"}],"replies":[{"embeddable":true,"href":"http:\/\/hotelviktorija.com\/en\/wp-json\/wp\/v2\/comments?post=3154"}],"version-history":[{"count":1,"href":"http:\/\/hotelviktorija.com\/en\/wp-json\/wp\/v2\/pages\/3154\/revisions"}],"predecessor-version":[{"id":3155,"href":"http:\/\/hotelviktorija.com\/en\/wp-json\/wp\/v2\/pages\/3154\/revisions\/3155"}],"wp:attachment":[{"href":"http:\/\/hotelviktorija.com\/en\/wp-json\/wp\/v2\/media?parent=3154"}],"curies":[{"name":"wp","href":"https:\/\/api.w.org\/{rel}","templated":true}]}}